{"id":256,"date":"2023-02-08T00:33:04","date_gmt":"2023-02-08T00:33:04","guid":{"rendered":"https:\/\/hermarco.com\/?page_id=256"},"modified":"2023-02-20T00:37:45","modified_gmt":"2023-02-20T00:37:45","slug":"maternelle","status":"publish","type":"page","link":"https:\/\/hermarco.com\/?page_id=256","title":{"rendered":"MATERNELLE"},"content":{"rendered":"\t\t<div data-elementor-type=\"wp-page\" data-elementor-id=\"256\" class=\"elementor elementor-256\">\n\t\t\t\t\t\t<section class=\"elementor-section elementor-top-section elementor-element elementor-element-5d635c9 elementor-section-boxed elementor-section-height-default elementor-section-height-default\" data-id=\"5d635c9\" data-element_type=\"section\">\n\t\t\t\t\t\t<div class=\"elementor-container elementor-column-gap-default\">\n\t\t\t\t\t<div class=\"elementor-column elementor-col-25 elementor-top-column elementor-element elementor-element-22e2123\" data-id=\"22e2123\" data-element_type=\"column\">\n\t\t\t<div class=\"elementor-widget-wrap elementor-element-populated\">\n\t\t\t\t\t\t<div class=\"elementor-element elementor-element-6ae7ebe elementor-align-justify elementor-widget elementor-widget-button\" data-id=\"6ae7ebe\" data-element_type=\"widget\" data-widget_type=\"button.default\">\n\t\t\t\t<div class=\"elementor-widget-container\">\n\t\t\t\t\t\t\t\t\t<div class=\"elementor-button-wrapper\">\n\t\t\t\t\t<a class=\"elementor-button elementor-button-link elementor-size-sm\" href=\"https:\/\/hermarco.com\/?page_id=257\">\n\t\t\t\t\t\t<span class=\"elementor-button-content-wrapper\">\n\t\t\t\t\t\t\t\t\t<span class=\"elementor-button-text\">Tables<\/span>\n\t\t\t\t\t<\/span>\n\t\t\t\t\t<\/a>\n\t\t\t\t<\/div>\n\t\t\t\t\t\t\t\t<\/div>\n\t\t\t\t<\/div>\n\t\t\t\t<div class=\"elementor-element elementor-element-ca60f71 elementor-widget elementor-widget-image\" data-id=\"ca60f71\" data-element_type=\"widget\" data-widget_type=\"image.default\">\n\t\t\t\t<div class=\"elementor-widget-container\">\n\t\t\t\t\t\t\t\t\t\t\t\t<figure class=\"wp-caption\">\n\t\t\t\t\t\t\t\t\t\t\t<a href=\"https:\/\/hermarco.com\/?page_id=257\">\n\t\t\t\t\t\t\t<img fetchpriority=\"high\" decoding=\"async\" width=\"1024\" height=\"768\" src=\"https:\/\/hermarco.com\/wp-content\/uploads\/2023\/02\/Tables_IMG-20210521-WA0074-2-1024x768.jpg\" class=\"attachment-large size-large wp-image-2257\" alt=\"\" srcset=\"https:\/\/hermarco.com\/wp-content\/uploads\/2023\/02\/Tables_IMG-20210521-WA0074-2-1024x768.jpg 1024w, https:\/\/hermarco.com\/wp-content\/uploads\/2023\/02\/Tables_IMG-20210521-WA0074-2-300x225.jpg 300w, https:\/\/hermarco.com\/wp-content\/uploads\/2023\/02\/Tables_IMG-20210521-WA0074-2-768x576.jpg 768w, https:\/\/hermarco.com\/wp-content\/uploads\/2023\/02\/Tables_IMG-20210521-WA0074-2-600x450.jpg 600w, https:\/\/hermarco.com\/wp-content\/uploads\/2023\/02\/Tables_IMG-20210521-WA0074-2.jpg 1280w\" sizes=\"(max-width: 1024px) 100vw, 1024px\" \/>\t\t\t\t\t\t\t\t<\/a>\n\t\t\t\t\t\t\t\t\t\t\t<figcaption class=\"widget-image-caption wp-caption-text\">Tables<\/figcaption>\n\t\t\t\t\t\t\t\t\t\t<\/figure>\n\t\t\t\t\t\t\t\t\t<\/div>\n\t\t\t\t<\/div>\n\t\t\t\t\t<\/div>\n\t\t<\/div>\n\t\t\t\t<div class=\"elementor-column elementor-col-25 elementor-top-column elementor-element elementor-element-c9901ee\" data-id=\"c9901ee\" data-element_type=\"column\">\n\t\t\t<div class=\"elementor-widget-wrap elementor-element-populated\">\n\t\t\t\t\t\t<div class=\"elementor-element elementor-element-c6b006a elementor-align-justify elementor-widget elementor-widget-button\" data-id=\"c6b006a\" data-element_type=\"widget\" data-widget_type=\"button.default\">\n\t\t\t\t<div class=\"elementor-widget-container\">\n\t\t\t\t\t\t\t\t\t<div class=\"elementor-button-wrapper\">\n\t\t\t\t\t<a class=\"elementor-button elementor-button-link elementor-size-sm\" href=\"https:\/\/hermarco.com\/?page_id=258\">\n\t\t\t\t\t\t<span class=\"elementor-button-content-wrapper\">\n\t\t\t\t\t\t\t\t\t<span class=\"elementor-button-text\">Chaises<\/span>\n\t\t\t\t\t<\/span>\n\t\t\t\t\t<\/a>\n\t\t\t\t<\/div>\n\t\t\t\t\t\t\t\t<\/div>\n\t\t\t\t<\/div>\n\t\t\t\t<div class=\"elementor-element elementor-element-3757870 elementor-widget elementor-widget-image\" data-id=\"3757870\" data-element_type=\"widget\" data-widget_type=\"image.default\">\n\t\t\t\t<div class=\"elementor-widget-container\">\n\t\t\t\t\t\t\t\t\t\t\t\t<figure class=\"wp-caption\">\n\t\t\t\t\t\t\t\t\t\t\t<a href=\"https:\/\/hermarco.com\/?page_id=258\">\n\t\t\t\t\t\t\t<img decoding=\"async\" width=\"1024\" height=\"683\" src=\"https:\/\/hermarco.com\/wp-content\/uploads\/2023\/02\/Chaises_set_001fName_20170208160200758-1-1-1024x683.jpg\" class=\"attachment-large size-large wp-image-2258\" alt=\"\" srcset=\"https:\/\/hermarco.com\/wp-content\/uploads\/2023\/02\/Chaises_set_001fName_20170208160200758-1-1-1024x683.jpg 1024w, https:\/\/hermarco.com\/wp-content\/uploads\/2023\/02\/Chaises_set_001fName_20170208160200758-1-1-300x200.jpg 300w, https:\/\/hermarco.com\/wp-content\/uploads\/2023\/02\/Chaises_set_001fName_20170208160200758-1-1-768x512.jpg 768w, https:\/\/hermarco.com\/wp-content\/uploads\/2023\/02\/Chaises_set_001fName_20170208160200758-1-1-600x400.jpg 600w, https:\/\/hermarco.com\/wp-content\/uploads\/2023\/02\/Chaises_set_001fName_20170208160200758-1-1.jpg 1500w\" sizes=\"(max-width: 1024px) 100vw, 1024px\" \/>\t\t\t\t\t\t\t\t<\/a>\n\t\t\t\t\t\t\t\t\t\t\t<figcaption class=\"widget-image-caption wp-caption-text\">Chaises<\/figcaption>\n\t\t\t\t\t\t\t\t\t\t<\/figure>\n\t\t\t\t\t\t\t\t\t<\/div>\n\t\t\t\t<\/div>\n\t\t\t\t\t<\/div>\n\t\t<\/div>\n\t\t\t\t<div class=\"elementor-column elementor-col-25 elementor-top-column elementor-element elementor-element-667193d\" data-id=\"667193d\" data-element_type=\"column\">\n\t\t\t<div class=\"elementor-widget-wrap elementor-element-populated\">\n\t\t\t\t\t\t<div class=\"elementor-element elementor-element-c50ab7a elementor-align-justify elementor-widget elementor-widget-button\" data-id=\"c50ab7a\" data-element_type=\"widget\" data-widget_type=\"button.default\">\n\t\t\t\t<div class=\"elementor-widget-container\">\n\t\t\t\t\t\t\t\t\t<div class=\"elementor-button-wrapper\">\n\t\t\t\t\t<a class=\"elementor-button elementor-button-link elementor-size-sm\" href=\"https:\/\/hermarco.com\/?page_id=258\">\n\t\t\t\t\t\t<span class=\"elementor-button-content-wrapper\">\n\t\t\t\t\t\t\t\t\t<span class=\"elementor-button-text\">Meubles<\/span>\n\t\t\t\t\t<\/span>\n\t\t\t\t\t<\/a>\n\t\t\t\t<\/div>\n\t\t\t\t\t\t\t\t<\/div>\n\t\t\t\t<\/div>\n\t\t\t\t<div class=\"elementor-element elementor-element-ad3bc73 elementor-widget elementor-widget-image\" data-id=\"ad3bc73\" data-element_type=\"widget\" data-widget_type=\"image.default\">\n\t\t\t\t<div class=\"elementor-widget-container\">\n\t\t\t\t\t\t\t\t\t\t\t\t<figure class=\"wp-caption\">\n\t\t\t\t\t\t\t\t\t\t\t<a href=\"https:\/\/hermarco.com\/?page_id=258\">\n\t\t\t\t\t\t\t<img decoding=\"async\" width=\"1024\" height=\"768\" src=\"https:\/\/hermarco.com\/wp-content\/uploads\/2023\/02\/Meubles_IMG-20200722-WA0010-1024x768.jpg\" class=\"attachment-large size-large wp-image-2027\" alt=\"\" srcset=\"https:\/\/hermarco.com\/wp-content\/uploads\/2023\/02\/Meubles_IMG-20200722-WA0010-1024x768.jpg 1024w, https:\/\/hermarco.com\/wp-content\/uploads\/2023\/02\/Meubles_IMG-20200722-WA0010-300x225.jpg 300w, https:\/\/hermarco.com\/wp-content\/uploads\/2023\/02\/Meubles_IMG-20200722-WA0010-768x576.jpg 768w, https:\/\/hermarco.com\/wp-content\/uploads\/2023\/02\/Meubles_IMG-20200722-WA0010-600x450.jpg 600w, https:\/\/hermarco.com\/wp-content\/uploads\/2023\/02\/Meubles_IMG-20200722-WA0010.jpg 1040w\" sizes=\"(max-width: 1024px) 100vw, 1024px\" \/>\t\t\t\t\t\t\t\t<\/a>\n\t\t\t\t\t\t\t\t\t\t\t<figcaption class=\"widget-image-caption wp-caption-text\">Meubles<\/figcaption>\n\t\t\t\t\t\t\t\t\t\t<\/figure>\n\t\t\t\t\t\t\t\t\t<\/div>\n\t\t\t\t<\/div>\n\t\t\t\t\t<\/div>\n\t\t<\/div>\n\t\t\t\t<div class=\"elementor-column elementor-col-25 elementor-top-column elementor-element elementor-element-55896a4\" data-id=\"55896a4\" data-element_type=\"column\">\n\t\t\t<div class=\"elementor-widget-wrap elementor-element-populated\">\n\t\t\t\t\t\t<div class=\"elementor-element elementor-element-ebcba89 elementor-align-justify elementor-widget elementor-widget-button\" data-id=\"ebcba89\" data-element_type=\"widget\" data-widget_type=\"button.default\">\n\t\t\t\t<div class=\"elementor-widget-container\">\n\t\t\t\t\t\t\t\t\t<div class=\"elementor-button-wrapper\">\n\t\t\t\t\t<a class=\"elementor-button elementor-button-link elementor-size-sm\" href=\"https:\/\/hermarco.com\/?page_id=260\">\n\t\t\t\t\t\t<span class=\"elementor-button-content-wrapper\">\n\t\t\t\t\t\t\t\t\t<span class=\"elementor-button-text\">Assises<\/span>\n\t\t\t\t\t<\/span>\n\t\t\t\t\t<\/a>\n\t\t\t\t<\/div>\n\t\t\t\t\t\t\t\t<\/div>\n\t\t\t\t<\/div>\n\t\t\t\t<div class=\"elementor-element elementor-element-ca69bbb elementor-widget elementor-widget-image\" data-id=\"ca69bbb\" data-element_type=\"widget\" data-widget_type=\"image.default\">\n\t\t\t\t<div class=\"elementor-widget-container\">\n\t\t\t\t\t\t\t\t\t\t\t\t<figure class=\"wp-caption\">\n\t\t\t\t\t\t\t\t\t\t\t<a href=\"https:\/\/hermarco.com\/?page_id=260\">\n\t\t\t\t\t\t\t<img loading=\"lazy\" decoding=\"async\" width=\"907\" height=\"673\" src=\"https:\/\/hermarco.com\/wp-content\/uploads\/2023\/02\/Assises_Screenshot_20200916-221417_Adobe-Acrobat-1.jpg\" class=\"attachment-large size-large wp-image-2028\" alt=\"\" srcset=\"https:\/\/hermarco.com\/wp-content\/uploads\/2023\/02\/Assises_Screenshot_20200916-221417_Adobe-Acrobat-1.jpg 907w, https:\/\/hermarco.com\/wp-content\/uploads\/2023\/02\/Assises_Screenshot_20200916-221417_Adobe-Acrobat-1-300x223.jpg 300w, https:\/\/hermarco.com\/wp-content\/uploads\/2023\/02\/Assises_Screenshot_20200916-221417_Adobe-Acrobat-1-768x570.jpg 768w, https:\/\/hermarco.com\/wp-content\/uploads\/2023\/02\/Assises_Screenshot_20200916-221417_Adobe-Acrobat-1-600x445.jpg 600w\" sizes=\"(max-width: 907px) 100vw, 907px\" \/>\t\t\t\t\t\t\t\t<\/a>\n\t\t\t\t\t\t\t\t\t\t\t<figcaption class=\"widget-image-caption wp-caption-text\">Assises<\/figcaption>\n\t\t\t\t\t\t\t\t\t\t<\/figure>\n\t\t\t\t\t\t\t\t\t<\/div>\n\t\t\t\t<\/div>\n\t\t\t\t\t<\/div>\n\t\t<\/div>\n\t\t\t\t\t<\/div>\n\t\t<\/section>\n\t\t\t\t<section class=\"elementor-section elementor-top-section elementor-element elementor-element-41d05a8 elementor-section-boxed elementor-section-height-default elementor-section-height-default\" data-id=\"41d05a8\" data-element_type=\"section\">\n\t\t\t\t\t\t<div class=\"elementor-container elementor-column-gap-default\">\n\t\t\t\t\t<div class=\"elementor-column elementor-col-33 elementor-top-column elementor-element elementor-element-1673f60\" data-id=\"1673f60\" data-element_type=\"column\">\n\t\t\t<div class=\"elementor-widget-wrap elementor-element-populated\">\n\t\t\t\t\t\t<div class=\"elementor-element elementor-element-f300da0 elementor-align-justify elementor-widget elementor-widget-button\" data-id=\"f300da0\" data-element_type=\"widget\" data-widget_type=\"button.default\">\n\t\t\t\t<div class=\"elementor-widget-container\">\n\t\t\t\t\t\t\t\t\t<div class=\"elementor-button-wrapper\">\n\t\t\t\t\t<a class=\"elementor-button elementor-button-link elementor-size-sm\" href=\"https:\/\/hermarco.com\/?page_id=261\">\n\t\t\t\t\t\t<span class=\"elementor-button-content-wrapper\">\n\t\t\t\t\t\t\t\t\t<span class=\"elementor-button-text\">Psychomotricit\u00e9<\/span>\n\t\t\t\t\t<\/span>\n\t\t\t\t\t<\/a>\n\t\t\t\t<\/div>\n\t\t\t\t\t\t\t\t<\/div>\n\t\t\t\t<\/div>\n\t\t\t\t<div class=\"elementor-element elementor-element-9e98bb5 elementor-widget elementor-widget-image\" data-id=\"9e98bb5\" data-element_type=\"widget\" data-widget_type=\"image.default\">\n\t\t\t\t<div class=\"elementor-widget-container\">\n\t\t\t\t\t\t\t\t\t\t\t\t<figure class=\"wp-caption\">\n\t\t\t\t\t\t\t\t\t\t\t<a href=\"https:\/\/hermarco.com\/?page_id=261\">\n\t\t\t\t\t\t\t<img loading=\"lazy\" decoding=\"async\" width=\"1024\" height=\"768\" src=\"https:\/\/hermarco.com\/wp-content\/uploads\/2023\/02\/PSYCHO_IMG-20210115-WA0027-1.jpg\" class=\"attachment-large size-large wp-image-2029\" alt=\"\" srcset=\"https:\/\/hermarco.com\/wp-content\/uploads\/2023\/02\/PSYCHO_IMG-20210115-WA0027-1.jpg 1024w, https:\/\/hermarco.com\/wp-content\/uploads\/2023\/02\/PSYCHO_IMG-20210115-WA0027-1-300x225.jpg 300w, https:\/\/hermarco.com\/wp-content\/uploads\/2023\/02\/PSYCHO_IMG-20210115-WA0027-1-768x576.jpg 768w, https:\/\/hermarco.com\/wp-content\/uploads\/2023\/02\/PSYCHO_IMG-20210115-WA0027-1-600x450.jpg 600w\" sizes=\"(max-width: 1024px) 100vw, 1024px\" \/>\t\t\t\t\t\t\t\t<\/a>\n\t\t\t\t\t\t\t\t\t\t\t<figcaption class=\"widget-image-caption wp-caption-text\">Psychomotricit\u00e9<\/figcaption>\n\t\t\t\t\t\t\t\t\t\t<\/figure>\n\t\t\t\t\t\t\t\t\t<\/div>\n\t\t\t\t<\/div>\n\t\t\t\t\t<\/div>\n\t\t<\/div>\n\t\t\t\t<div class=\"elementor-column elementor-col-33 elementor-top-column elementor-element elementor-element-87da909\" data-id=\"87da909\" data-element_type=\"column\">\n\t\t\t<div class=\"elementor-widget-wrap elementor-element-populated\">\n\t\t\t\t\t\t<div class=\"elementor-element elementor-element-1d2fdea elementor-align-justify elementor-widget elementor-widget-button\" data-id=\"1d2fdea\" data-element_type=\"widget\" data-widget_type=\"button.default\">\n\t\t\t\t<div class=\"elementor-widget-container\">\n\t\t\t\t\t\t\t\t\t<div class=\"elementor-button-wrapper\">\n\t\t\t\t\t<a class=\"elementor-button elementor-button-link elementor-size-sm\" href=\"https:\/\/hermarco.com\/?page_id=262\">\n\t\t\t\t\t\t<span class=\"elementor-button-content-wrapper\">\n\t\t\t\t\t\t\t\t\t<span class=\"elementor-button-text\">Activit\u00e9s ludiques<\/span>\n\t\t\t\t\t<\/span>\n\t\t\t\t\t<\/a>\n\t\t\t\t<\/div>\n\t\t\t\t\t\t\t\t<\/div>\n\t\t\t\t<\/div>\n\t\t\t\t<div class=\"elementor-element elementor-element-3d5cf97 elementor-widget elementor-widget-image\" data-id=\"3d5cf97\" data-element_type=\"widget\" data-widget_type=\"image.default\">\n\t\t\t\t<div class=\"elementor-widget-container\">\n\t\t\t\t\t\t\t\t\t\t\t\t<figure class=\"wp-caption\">\n\t\t\t\t\t\t\t\t\t\t\t<a href=\"https:\/\/hermarco.com\/?page_id=262\">\n\t\t\t\t\t\t\t<img loading=\"lazy\" decoding=\"async\" width=\"1024\" height=\"768\" src=\"https:\/\/hermarco.com\/wp-content\/uploads\/2023\/02\/Activites_IMG-20210115-WA0026-1.jpg\" class=\"attachment-large size-large wp-image-2030\" alt=\"\" srcset=\"https:\/\/hermarco.com\/wp-content\/uploads\/2023\/02\/Activites_IMG-20210115-WA0026-1.jpg 1024w, https:\/\/hermarco.com\/wp-content\/uploads\/2023\/02\/Activites_IMG-20210115-WA0026-1-300x225.jpg 300w, https:\/\/hermarco.com\/wp-content\/uploads\/2023\/02\/Activites_IMG-20210115-WA0026-1-768x576.jpg 768w, https:\/\/hermarco.com\/wp-content\/uploads\/2023\/02\/Activites_IMG-20210115-WA0026-1-600x450.jpg 600w\" sizes=\"(max-width: 1024px) 100vw, 1024px\" \/>\t\t\t\t\t\t\t\t<\/a>\n\t\t\t\t\t\t\t\t\t\t\t<figcaption class=\"widget-image-caption wp-caption-text\">Activit\u00e9s ludiques<\/figcaption>\n\t\t\t\t\t\t\t\t\t\t<\/figure>\n\t\t\t\t\t\t\t\t\t<\/div>\n\t\t\t\t<\/div>\n\t\t\t\t\t<\/div>\n\t\t<\/div>\n\t\t\t\t<div class=\"elementor-column elementor-col-33 elementor-top-column elementor-element elementor-element-716861e\" data-id=\"716861e\" data-element_type=\"column\">\n\t\t\t<div class=\"elementor-widget-wrap elementor-element-populated\">\n\t\t\t\t\t\t<div class=\"elementor-element elementor-element-c1e3d11 elementor-align-justify elementor-widget elementor-widget-button\" data-id=\"c1e3d11\" data-element_type=\"widget\" data-widget_type=\"button.default\">\n\t\t\t\t<div class=\"elementor-widget-container\">\n\t\t\t\t\t\t\t\t\t<div class=\"elementor-button-wrapper\">\n\t\t\t\t\t<a class=\"elementor-button elementor-button-link elementor-size-sm\" href=\"https:\/\/hermarco.com\/?page_id=263\">\n\t\t\t\t\t\t<span class=\"elementor-button-content-wrapper\">\n\t\t\t\t\t\t\t\t\t<span class=\"elementor-button-text\">Jeux d'int\u00e9rieur<\/span>\n\t\t\t\t\t<\/span>\n\t\t\t\t\t<\/a>\n\t\t\t\t<\/div>\n\t\t\t\t\t\t\t\t<\/div>\n\t\t\t\t<\/div>\n\t\t\t\t<div class=\"elementor-element elementor-element-01d710f elementor-widget elementor-widget-image\" data-id=\"01d710f\" data-element_type=\"widget\" data-widget_type=\"image.default\">\n\t\t\t\t<div class=\"elementor-widget-container\">\n\t\t\t\t\t\t\t\t\t\t\t\t<figure class=\"wp-caption\">\n\t\t\t\t\t\t\t\t\t\t\t<a href=\"https:\/\/hermarco.com\/?page_id=263\">\n\t\t\t\t\t\t\t<img loading=\"lazy\" decoding=\"async\" width=\"1024\" height=\"569\" src=\"https:\/\/hermarco.com\/wp-content\/uploads\/2023\/02\/oyun_odasi1-1-1024x569.jpg\" class=\"attachment-large size-large wp-image-2031\" alt=\"\" srcset=\"https:\/\/hermarco.com\/wp-content\/uploads\/2023\/02\/oyun_odasi1-1-1024x569.jpg 1024w, https:\/\/hermarco.com\/wp-content\/uploads\/2023\/02\/oyun_odasi1-1-300x167.jpg 300w, https:\/\/hermarco.com\/wp-content\/uploads\/2023\/02\/oyun_odasi1-1-768x427.jpg 768w, https:\/\/hermarco.com\/wp-content\/uploads\/2023\/02\/oyun_odasi1-1-1536x853.jpg 1536w, https:\/\/hermarco.com\/wp-content\/uploads\/2023\/02\/oyun_odasi1-1-2048x1138.jpg 2048w, https:\/\/hermarco.com\/wp-content\/uploads\/2023\/02\/oyun_odasi1-1-600x333.jpg 600w\" sizes=\"(max-width: 1024px) 100vw, 1024px\" \/>\t\t\t\t\t\t\t\t<\/a>\n\t\t\t\t\t\t\t\t\t\t\t<figcaption class=\"widget-image-caption wp-caption-text\">Jeux d'int\u00e9rieur<\/figcaption>\n\t\t\t\t\t\t\t\t\t\t<\/figure>\n\t\t\t\t\t\t\t\t\t<\/div>\n\t\t\t\t<\/div>\n\t\t\t\t\t<\/div>\n\t\t<\/div>\n\t\t\t\t\t<\/div>\n\t\t<\/section>\n\t\t\t\t<\/div>\n\t\t","protected":false},"excerpt":{"rendered":"<p>Tables Tables Chaises Chaises Meubles Meubles Assises Assises Psychomotricit\u00e9 Psychomotricit\u00e9 Activit\u00e9s ludiques Activit\u00e9s ludiques Jeux d&#8217;int\u00e9rieur Jeux d&#8217;int\u00e9rieur<\/p>\n","protected":false},"author":1,"featured_media":0,"parent":0,"menu_order":0,"comment_status":"closed","ping_status":"closed","template":"","meta":{"site-sidebar-layout":"no-sidebar","site-content-layout":"page-builder","ast-site-content-layout":"default","site-content-style":"default","site-sidebar-style":"default","ast-global-header-display":"","ast-banner-title-visibility":"","ast-main-header-display":"","ast-hfb-above-header-display":"","ast-hfb-below-header-display":"","ast-hfb-mobile-header-display":"","site-post-title":"disabled","ast-breadcrumbs-content":"","ast-featured-img":"disabled","footer-sml-layout":"","ast-disable-related-posts":"","theme-transparent-header-meta":"","adv-header-id-meta":"","stick-header-meta":"","header-above-stick-meta":"","header-main-stick-meta":"","header-below-stick-meta":"","astra-migrate-meta-layouts":"default","ast-page-background-enabled":"default","ast-page-background-meta":{"desktop":{"background-color":"var(--ast-global-color-4)","background-image":"","background-repeat":"repeat","background-position":"center center","background-size":"auto","background-attachment":"scroll","background-type":"","background-media":"","overlay-type":"","overlay-color":"","overlay-opacity":"","overlay-gradient":""},"tablet":{"background-color":"","background-image":"","background-repeat":"repeat","background-position":"center center","background-size":"auto","background-attachment":"scroll","background-type":"","background-media":"","overlay-type":"","overlay-color":"","overlay-opacity":"","overlay-gradient":""},"mobile":{"background-color":"","background-image":"","background-repeat":"repeat","background-position":"center center","background-size":"auto","background-attachment":"scroll","background-type":"","background-media":"","overlay-type":"","overlay-color":"","overlay-opacity":"","overlay-gradient":""}},"ast-content-background-meta":{"desktop":{"background-color":"var(--ast-global-color-5)","background-image":"","background-repeat":"repeat","background-position":"center center","background-size":"auto","background-attachment":"scroll","background-type":"","background-media":"","overlay-type":"","overlay-color":"","overlay-opacity":"","overlay-gradient":""},"tablet":{"background-color":"var(--ast-global-color-5)","background-image":"","background-repeat":"repeat","background-position":"center center","background-size":"auto","background-attachment":"scroll","background-type":"","background-media":"","overlay-type":"","overlay-color":"","overlay-opacity":"","overlay-gradient":""},"mobile":{"background-color":"var(--ast-global-color-5)","background-image":"","background-repeat":"repeat","background-position":"center center","background-size":"auto","background-attachment":"scroll","background-type":"","background-media":"","overlay-type":"","overlay-color":"","overlay-opacity":"","overlay-gradient":""}},"_joinchat":[],"footnotes":""},"class_list":["post-256","page","type-page","status-publish","hentry"],"aioseo_notices":[],"_links":{"self":[{"href":"https:\/\/hermarco.com\/index.php?rest_route=\/wp\/v2\/pages\/256","targetHints":{"allow":["GET"]}}],"collection":[{"href":"https:\/\/hermarco.com\/index.php?rest_route=\/wp\/v2\/pages"}],"about":[{"href":"https:\/\/hermarco.com\/index.php?rest_route=\/wp\/v2\/types\/page"}],"author":[{"embeddable":true,"href":"https:\/\/hermarco.com\/index.php?rest_route=\/wp\/v2\/users\/1"}],"replies":[{"embeddable":true,"href":"https:\/\/hermarco.com\/index.php?rest_route=%2Fwp%2Fv2%2Fcomments&post=256"}],"version-history":[{"count":64,"href":"https:\/\/hermarco.com\/index.php?rest_route=\/wp\/v2\/pages\/256\/revisions"}],"predecessor-version":[{"id":2261,"href":"https:\/\/hermarco.com\/index.php?rest_route=\/wp\/v2\/pages\/256\/revisions\/2261"}],"wp:attachment":[{"href":"https:\/\/hermarco.com\/index.php?rest_route=%2Fwp%2Fv2%2Fmedia&parent=256"}],"curies":[{"name":"wp","href":"https:\/\/api.w.org\/{rel}","templated":true}]}}