{"id":340,"date":"2023-02-08T00:45:43","date_gmt":"2023-02-08T00:45:43","guid":{"rendered":"https:\/\/hermarco.com\/?page_id=340"},"modified":"2023-02-20T00:18:32","modified_gmt":"2023-02-20T00:18:32","slug":"jeux-dexterieur-metal","status":"publish","type":"page","link":"https:\/\/hermarco.com\/?page_id=340","title":{"rendered":"JEUX D\u2019EXTERIEUR METAL"},"content":{"rendered":"\t\t<div data-elementor-type=\"wp-page\" data-elementor-id=\"340\" class=\"elementor elementor-340\">\n\t\t\t\t\t\t<section class=\"elementor-section elementor-top-section elementor-element elementor-element-e56f4ff elementor-section-boxed elementor-section-height-default elementor-section-height-default\" data-id=\"e56f4ff\" data-element_type=\"section\">\n\t\t\t\t\t\t<div class=\"elementor-container elementor-column-gap-default\">\n\t\t\t\t\t<div class=\"elementor-column elementor-col-25 elementor-top-column elementor-element elementor-element-d3beeb0\" data-id=\"d3beeb0\" data-element_type=\"column\">\n\t\t\t<div class=\"elementor-widget-wrap elementor-element-populated\">\n\t\t\t\t\t\t<div class=\"elementor-element elementor-element-c77a19e elementor-align-justify elementor-widget elementor-widget-button\" data-id=\"c77a19e\" data-element_type=\"widget\" data-widget_type=\"button.default\">\n\t\t\t\t<div class=\"elementor-widget-container\">\n\t\t\t\t\t\t\t\t\t<div class=\"elementor-button-wrapper\">\n\t\t\t\t\t<a class=\"elementor-button elementor-button-link elementor-size-sm\" href=\"https:\/\/hermarco.com\/?page_id=341\">\n\t\t\t\t\t\t<span class=\"elementor-button-content-wrapper\">\n\t\t\t\t\t\t\t\t\t<span class=\"elementor-button-text\">Structures de jeux<\/span>\n\t\t\t\t\t<\/span>\n\t\t\t\t\t<\/a>\n\t\t\t\t<\/div>\n\t\t\t\t\t\t\t\t<\/div>\n\t\t\t\t<\/div>\n\t\t\t\t<div class=\"elementor-element elementor-element-a02e8d6 elementor-widget elementor-widget-image\" data-id=\"a02e8d6\" data-element_type=\"widget\" data-widget_type=\"image.default\">\n\t\t\t\t<div class=\"elementor-widget-container\">\n\t\t\t\t\t\t\t\t\t\t\t\t<figure class=\"wp-caption\">\n\t\t\t\t\t\t\t\t\t\t\t<a href=\"https:\/\/hermarco.com\/?page_id=341\">\n\t\t\t\t\t\t\t<img fetchpriority=\"high\" decoding=\"async\" width=\"1024\" height=\"768\" src=\"https:\/\/hermarco.com\/wp-content\/uploads\/2023\/02\/IMG-20191001-WA0028-1-1024x768.jpg\" class=\"attachment-large size-large wp-image-2231\" alt=\"\" srcset=\"https:\/\/hermarco.com\/wp-content\/uploads\/2023\/02\/IMG-20191001-WA0028-1-1024x768.jpg 1024w, https:\/\/hermarco.com\/wp-content\/uploads\/2023\/02\/IMG-20191001-WA0028-1-300x225.jpg 300w, https:\/\/hermarco.com\/wp-content\/uploads\/2023\/02\/IMG-20191001-WA0028-1-768x576.jpg 768w, https:\/\/hermarco.com\/wp-content\/uploads\/2023\/02\/IMG-20191001-WA0028-1-600x450.jpg 600w, https:\/\/hermarco.com\/wp-content\/uploads\/2023\/02\/IMG-20191001-WA0028-1.jpg 1280w\" sizes=\"(max-width: 1024px) 100vw, 1024px\" \/>\t\t\t\t\t\t\t\t<\/a>\n\t\t\t\t\t\t\t\t\t\t\t<figcaption class=\"widget-image-caption wp-caption-text\">Structures de jeux<\/figcaption>\n\t\t\t\t\t\t\t\t\t\t<\/figure>\n\t\t\t\t\t\t\t\t\t<\/div>\n\t\t\t\t<\/div>\n\t\t\t\t\t<\/div>\n\t\t<\/div>\n\t\t\t\t<div class=\"elementor-column elementor-col-25 elementor-top-column elementor-element elementor-element-e6c2270\" data-id=\"e6c2270\" data-element_type=\"column\">\n\t\t\t<div class=\"elementor-widget-wrap elementor-element-populated\">\n\t\t\t\t\t\t<div class=\"elementor-element elementor-element-eb91b15 elementor-align-justify elementor-widget elementor-widget-button\" data-id=\"eb91b15\" data-element_type=\"widget\" data-widget_type=\"button.default\">\n\t\t\t\t<div class=\"elementor-widget-container\">\n\t\t\t\t\t\t\t\t\t<div class=\"elementor-button-wrapper\">\n\t\t\t\t\t<a class=\"elementor-button elementor-button-link elementor-size-sm\" href=\"https:\/\/hermarco.com\/?page_id=342\">\n\t\t\t\t\t\t<span class=\"elementor-button-content-wrapper\">\n\t\t\t\t\t\t\t\t\t<span class=\"elementor-button-text\">Jeux de ressorts<\/span>\n\t\t\t\t\t<\/span>\n\t\t\t\t\t<\/a>\n\t\t\t\t<\/div>\n\t\t\t\t\t\t\t\t<\/div>\n\t\t\t\t<\/div>\n\t\t\t\t<div class=\"elementor-element elementor-element-18ee2c2 elementor-widget elementor-widget-image\" data-id=\"18ee2c2\" data-element_type=\"widget\" data-widget_type=\"image.default\">\n\t\t\t\t<div class=\"elementor-widget-container\">\n\t\t\t\t\t\t\t\t\t\t\t\t<figure class=\"wp-caption\">\n\t\t\t\t\t\t\t\t\t\t\t<a href=\"https:\/\/hermarco.com\/?page_id=342\">\n\t\t\t\t\t\t\t<img decoding=\"async\" width=\"768\" height=\"1024\" src=\"https:\/\/hermarco.com\/wp-content\/uploads\/2023\/02\/20191206_154910-1-768x1024.jpg\" class=\"attachment-large size-large wp-image-2235\" alt=\"\" srcset=\"https:\/\/hermarco.com\/wp-content\/uploads\/2023\/02\/20191206_154910-1-768x1024.jpg 768w, https:\/\/hermarco.com\/wp-content\/uploads\/2023\/02\/20191206_154910-1-225x300.jpg 225w, https:\/\/hermarco.com\/wp-content\/uploads\/2023\/02\/20191206_154910-1-1152x1536.jpg 1152w, https:\/\/hermarco.com\/wp-content\/uploads\/2023\/02\/20191206_154910-1-1536x2048.jpg 1536w, https:\/\/hermarco.com\/wp-content\/uploads\/2023\/02\/20191206_154910-1-600x800.jpg 600w, https:\/\/hermarco.com\/wp-content\/uploads\/2023\/02\/20191206_154910-1-scaled.jpg 1920w\" sizes=\"(max-width: 768px) 100vw, 768px\" \/>\t\t\t\t\t\t\t\t<\/a>\n\t\t\t\t\t\t\t\t\t\t\t<figcaption class=\"widget-image-caption wp-caption-text\">Jeux de ressorts<\/figcaption>\n\t\t\t\t\t\t\t\t\t\t<\/figure>\n\t\t\t\t\t\t\t\t\t<\/div>\n\t\t\t\t<\/div>\n\t\t\t\t\t<\/div>\n\t\t<\/div>\n\t\t\t\t<div class=\"elementor-column elementor-col-25 elementor-top-column elementor-element elementor-element-13cb17c\" data-id=\"13cb17c\" data-element_type=\"column\">\n\t\t\t<div class=\"elementor-widget-wrap elementor-element-populated\">\n\t\t\t\t\t\t<div class=\"elementor-element elementor-element-32b00c7 elementor-align-justify elementor-widget elementor-widget-button\" data-id=\"32b00c7\" data-element_type=\"widget\" data-widget_type=\"button.default\">\n\t\t\t\t<div class=\"elementor-widget-container\">\n\t\t\t\t\t\t\t\t\t<div class=\"elementor-button-wrapper\">\n\t\t\t\t\t<a class=\"elementor-button elementor-button-link elementor-size-sm\" href=\"https:\/\/hermarco.com\/?page_id=343\">\n\t\t\t\t\t\t<span class=\"elementor-button-content-wrapper\">\n\t\t\t\t\t\t\t\t\t<span class=\"elementor-button-text\">Jeux \u00e0 bascule<\/span>\n\t\t\t\t\t<\/span>\n\t\t\t\t\t<\/a>\n\t\t\t\t<\/div>\n\t\t\t\t\t\t\t\t<\/div>\n\t\t\t\t<\/div>\n\t\t\t\t<div class=\"elementor-element elementor-element-89868b5 elementor-widget elementor-widget-image\" data-id=\"89868b5\" data-element_type=\"widget\" data-widget_type=\"image.default\">\n\t\t\t\t<div class=\"elementor-widget-container\">\n\t\t\t\t\t\t\t\t\t\t\t\t<figure class=\"wp-caption\">\n\t\t\t\t\t\t\t\t\t\t\t<a href=\"https:\/\/hermarco.com\/?page_id=343\">\n\t\t\t\t\t\t\t<img decoding=\"async\" width=\"1024\" height=\"768\" src=\"https:\/\/hermarco.com\/wp-content\/uploads\/2023\/02\/20191206_154943-1-1024x768.jpg\" class=\"attachment-large size-large wp-image-2081\" alt=\"\" srcset=\"https:\/\/hermarco.com\/wp-content\/uploads\/2023\/02\/20191206_154943-1-1024x768.jpg 1024w, https:\/\/hermarco.com\/wp-content\/uploads\/2023\/02\/20191206_154943-1-300x225.jpg 300w, https:\/\/hermarco.com\/wp-content\/uploads\/2023\/02\/20191206_154943-1-768x576.jpg 768w, https:\/\/hermarco.com\/wp-content\/uploads\/2023\/02\/20191206_154943-1-1536x1152.jpg 1536w, https:\/\/hermarco.com\/wp-content\/uploads\/2023\/02\/20191206_154943-1-2048x1536.jpg 2048w, https:\/\/hermarco.com\/wp-content\/uploads\/2023\/02\/20191206_154943-1-600x450.jpg 600w\" sizes=\"(max-width: 1024px) 100vw, 1024px\" \/>\t\t\t\t\t\t\t\t<\/a>\n\t\t\t\t\t\t\t\t\t\t\t<figcaption class=\"widget-image-caption wp-caption-text\">Jeux \u00e0 bascule<\/figcaption>\n\t\t\t\t\t\t\t\t\t\t<\/figure>\n\t\t\t\t\t\t\t\t\t<\/div>\n\t\t\t\t<\/div>\n\t\t\t\t\t<\/div>\n\t\t<\/div>\n\t\t\t\t<div class=\"elementor-column elementor-col-25 elementor-top-column elementor-element elementor-element-1694df5\" data-id=\"1694df5\" data-element_type=\"column\">\n\t\t\t<div class=\"elementor-widget-wrap elementor-element-populated\">\n\t\t\t\t\t\t<div class=\"elementor-element elementor-element-a256247 elementor-align-justify elementor-widget elementor-widget-button\" data-id=\"a256247\" data-element_type=\"widget\" data-widget_type=\"button.default\">\n\t\t\t\t<div class=\"elementor-widget-container\">\n\t\t\t\t\t\t\t\t\t<div class=\"elementor-button-wrapper\">\n\t\t\t\t\t<a class=\"elementor-button elementor-button-link elementor-size-sm\" href=\"https:\/\/hermarco.com\/?page_id=344\">\n\t\t\t\t\t\t<span class=\"elementor-button-content-wrapper\">\n\t\t\t\t\t\t\t\t\t<span class=\"elementor-button-text\">Balan\u00e7oires<\/span>\n\t\t\t\t\t<\/span>\n\t\t\t\t\t<\/a>\n\t\t\t\t<\/div>\n\t\t\t\t\t\t\t\t<\/div>\n\t\t\t\t<\/div>\n\t\t\t\t<div class=\"elementor-element elementor-element-584485d elementor-widget elementor-widget-image\" data-id=\"584485d\" data-element_type=\"widget\" data-widget_type=\"image.default\">\n\t\t\t\t<div class=\"elementor-widget-container\">\n\t\t\t\t\t\t\t\t\t\t\t\t<figure class=\"wp-caption\">\n\t\t\t\t\t\t\t\t\t\t\t<a href=\"https:\/\/hermarco.com\/?page_id=344\">\n\t\t\t\t\t\t\t<img loading=\"lazy\" decoding=\"async\" width=\"1024\" height=\"945\" src=\"https:\/\/hermarco.com\/wp-content\/uploads\/2023\/02\/FB_IMG_1573901215669-1-1024x945.jpg\" class=\"attachment-large size-large wp-image-2082\" alt=\"\" srcset=\"https:\/\/hermarco.com\/wp-content\/uploads\/2023\/02\/FB_IMG_1573901215669-1-1024x945.jpg 1024w, https:\/\/hermarco.com\/wp-content\/uploads\/2023\/02\/FB_IMG_1573901215669-1-300x277.jpg 300w, https:\/\/hermarco.com\/wp-content\/uploads\/2023\/02\/FB_IMG_1573901215669-1-768x709.jpg 768w, https:\/\/hermarco.com\/wp-content\/uploads\/2023\/02\/FB_IMG_1573901215669-1-600x554.jpg 600w, https:\/\/hermarco.com\/wp-content\/uploads\/2023\/02\/FB_IMG_1573901215669-1.jpg 1080w\" sizes=\"(max-width: 1024px) 100vw, 1024px\" \/>\t\t\t\t\t\t\t\t<\/a>\n\t\t\t\t\t\t\t\t\t\t\t<figcaption class=\"widget-image-caption wp-caption-text\">Balan\u00e7oires<\/figcaption>\n\t\t\t\t\t\t\t\t\t\t<\/figure>\n\t\t\t\t\t\t\t\t\t<\/div>\n\t\t\t\t<\/div>\n\t\t\t\t\t<\/div>\n\t\t<\/div>\n\t\t\t\t\t<\/div>\n\t\t<\/section>\n\t\t\t\t<\/div>\n\t\t","protected":false},"excerpt":{"rendered":"<p>Structures de jeux Structures de jeux Jeux de ressorts Jeux de ressorts Jeux \u00e0 bascule Jeux \u00e0 bascule Balan\u00e7oires Balan\u00e7oires<\/p>\n","protected":false},"author":1,"featured_media":0,"parent":0,"menu_order":0,"comment_status":"closed","ping_status":"closed","template":"","meta":{"site-sidebar-layout":"no-sidebar","site-content-layout":"page-builder","ast-site-content-layout":"default","site-content-style":"default","site-sidebar-style":"default","ast-global-header-display":"","ast-banner-title-visibility":"","ast-main-header-display":"","ast-hfb-above-header-display":"","ast-hfb-below-header-display":"","ast-hfb-mobile-header-display":"","site-post-title":"disabled","ast-breadcrumbs-content":"","ast-featured-img":"disabled","footer-sml-layout":"","ast-disable-related-posts":"","theme-transparent-header-meta":"","adv-header-id-meta":"","stick-header-meta":"","header-above-stick-meta":"","header-main-stick-meta":"","header-below-stick-meta":"","astra-migrate-meta-layouts":"default","ast-page-background-enabled":"default","ast-page-background-meta":{"desktop":{"background-color":"var(--ast-global-color-4)","background-image":"","background-repeat":"repeat","background-position":"center center","background-size":"auto","background-attachment":"scroll","background-type":"","background-media":"","overlay-type":"","overlay-color":"","overlay-opacity":"","overlay-gradient":""},"tablet":{"background-color":"","background-image":"","background-repeat":"repeat","background-position":"center center","background-size":"auto","background-attachment":"scroll","background-type":"","background-media":"","overlay-type":"","overlay-color":"","overlay-opacity":"","overlay-gradient":""},"mobile":{"background-color":"","background-image":"","background-repeat":"repeat","background-position":"center center","background-size":"auto","background-attachment":"scroll","background-type":"","background-media":"","overlay-type":"","overlay-color":"","overlay-opacity":"","overlay-gradient":""}},"ast-content-background-meta":{"desktop":{"background-color":"var(--ast-global-color-5)","background-image":"","background-repeat":"repeat","background-position":"center center","background-size":"auto","background-attachment":"scroll","background-type":"","background-media":"","overlay-type":"","overlay-color":"","overlay-opacity":"","overlay-gradient":""},"tablet":{"background-color":"var(--ast-global-color-5)","background-image":"","background-repeat":"repeat","background-position":"center center","background-size":"auto","background-attachment":"scroll","background-type":"","background-media":"","overlay-type":"","overlay-color":"","overlay-opacity":"","overlay-gradient":""},"mobile":{"background-color":"var(--ast-global-color-5)","background-image":"","background-repeat":"repeat","background-position":"center center","background-size":"auto","background-attachment":"scroll","background-type":"","background-media":"","overlay-type":"","overlay-color":"","overlay-opacity":"","overlay-gradient":""}},"_joinchat":[],"footnotes":""},"class_list":["post-340","page","type-page","status-publish","hentry"],"aioseo_notices":[],"_links":{"self":[{"href":"https:\/\/hermarco.com\/index.php?rest_route=\/wp\/v2\/pages\/340","targetHints":{"allow":["GET"]}}],"collection":[{"href":"https:\/\/hermarco.com\/index.php?rest_route=\/wp\/v2\/pages"}],"about":[{"href":"https:\/\/hermarco.com\/index.php?rest_route=\/wp\/v2\/types\/page"}],"author":[{"embeddable":true,"href":"https:\/\/hermarco.com\/index.php?rest_route=\/wp\/v2\/users\/1"}],"replies":[{"embeddable":true,"href":"https:\/\/hermarco.com\/index.php?rest_route=%2Fwp%2Fv2%2Fcomments&post=340"}],"version-history":[{"count":22,"href":"https:\/\/hermarco.com\/index.php?rest_route=\/wp\/v2\/pages\/340\/revisions"}],"predecessor-version":[{"id":2238,"href":"https:\/\/hermarco.com\/index.php?rest_route=\/wp\/v2\/pages\/340\/revisions\/2238"}],"wp:attachment":[{"href":"https:\/\/hermarco.com\/index.php?rest_route=%2Fwp%2Fv2%2Fmedia&parent=340"}],"curies":[{"name":"wp","href":"https:\/\/api.w.org\/{rel}","templated":true}]}}